{"id":25266,"date":"2021-01-29T06:07:03","date_gmt":"2021-01-29T06:07:03","guid":{"rendered":"http:\/\/www.danielgorecki.pl\/index.php\/blog\/"},"modified":"2024-05-17T01:56:13","modified_gmt":"2024-05-17T01:56:13","slug":"blog","status":"publish","type":"page","link":"https:\/\/www.danielgorecki.pl\/index.php\/blog\/","title":{"rendered":"Dokumenty"},"content":{"rendered":"\n<div class=\"wp-block-cover alignfull is-light\" style=\"min-height:550px;aspect-ratio:unset;\"><span aria-hidden=\"true\" class=\"wp-block-cover__background has-ast-global-color-3-background-color has-background-dim-80 has-background-dim\"><\/span><img loading=\"lazy\" decoding=\"async\" width=\"1920\" height=\"1080\" class=\"wp-block-cover__image-background wp-image-25005\" alt=\"\" src=\"https:\/\/www.danielgorecki.pl\/wp-content\/uploads\/2018\/12\/about-me-header-free-img-1.jpg\" data-object-fit=\"cover\" srcset=\"https:\/\/www.danielgorecki.pl\/wp-content\/uploads\/2018\/12\/about-me-header-free-img-1.jpg 1920w, https:\/\/www.danielgorecki.pl\/wp-content\/uploads\/2018\/12\/about-me-header-free-img-1-300x169.jpg 300w, https:\/\/www.danielgorecki.pl\/wp-content\/uploads\/2018\/12\/about-me-header-free-img-1-1024x576.jpg 1024w, https:\/\/www.danielgorecki.pl\/wp-content\/uploads\/2018\/12\/about-me-header-free-img-1-768x432.jpg 768w, https:\/\/www.danielgorecki.pl\/wp-content\/uploads\/2018\/12\/about-me-header-free-img-1-1536x864.jpg 1536w\" sizes=\"(max-width: 1920px) 100vw, 1920px\" \/><div class=\"wp-block-cover__inner-container is-layout-flow wp-block-cover-is-layout-flow\">\n<p class=\"has-text-align-center\">Fresh from the press<\/p>\n\n\n\n<h1 class=\"wp-block-heading has-text-align-center\">Dokumenty<\/h1>\n<\/div><\/div>\n\n\n<div class=\"wpforms-container wpforms-block wpforms-block-66a0f304-62a2-4b91-ac4f-eafceed829a0\" id=\"wpforms-10\"><form id=\"wpforms-form-10\" class=\"wpforms-validate wpforms-form\" data-formid=\"10\" method=\"post\" enctype=\"multipart\/form-data\" action=\"\/index.php\/wp-json\/wp\/v2\/pages\/25266\" data-token=\"1cc706757bd88e115d0a37cf06993924\" data-token-time=\"1776605177\"><noscript class=\"wpforms-error-noscript\">Aby wype\u0142ni\u0107 ten formularz, w\u0142\u0105cz obs\u0142ug\u0119 JavaScript w przegl\u0105darce.<\/noscript><div class=\"wpforms-field-container\"><div id=\"wpforms-10-field_0-container\" class=\"wpforms-field wpforms-field-name\" data-field-id=\"0\"><label class=\"wpforms-field-label\" for=\"wpforms-10-field_0\">Nazwa <span class=\"wpforms-required-label\">*<\/span><\/label><div class=\"wpforms-field-row wpforms-field-medium\"><div class=\"wpforms-field-row-block wpforms-first wpforms-one-half\"><input type=\"text\" id=\"wpforms-10-field_0\" class=\"wpforms-field-name-first wpforms-field-required\" name=\"wpforms[fields][0][first]\" required><label for=\"wpforms-10-field_0\" class=\"wpforms-field-sublabel after \">Imi\u0119<\/label><\/div><div class=\"wpforms-field-row-block wpforms-one-half\"><input type=\"text\" id=\"wpforms-10-field_0-last\" class=\"wpforms-field-name-last wpforms-field-required\" name=\"wpforms[fields][0][last]\" required><label for=\"wpforms-10-field_0-last\" class=\"wpforms-field-sublabel after \">Nazwisko<\/label><\/div><\/div><\/div><div id=\"wpforms-10-field_3-container\" class=\"wpforms-field wpforms-field-text\" data-field-id=\"3\"><label class=\"wpforms-field-label\" for=\"wpforms-10-field_3\">Nazwa firmy<\/label><input type=\"text\" id=\"wpforms-10-field_3\" class=\"wpforms-field-medium\" name=\"wpforms[fields][3]\" ><\/div><div id=\"wpforms-10-field_1-container\" class=\"wpforms-field wpforms-field-email\" data-field-id=\"1\"><label class=\"wpforms-field-label\" for=\"wpforms-10-field_1\">Adres e-mail <span class=\"wpforms-required-label\">*<\/span><\/label><input type=\"email\" id=\"wpforms-10-field_1\" class=\"wpforms-field-medium wpforms-field-required\" name=\"wpforms[fields][1]\" spellcheck=\"false\" required><\/div><div id=\"wpforms-10-field_2-container\" class=\"wpforms-field wpforms-field-textarea\" data-field-id=\"2\"><label class=\"wpforms-field-label\" for=\"wpforms-10-field_2\">Komentarz lub wiadomo\u015b\u0107<\/label><textarea id=\"wpforms-10-field_2\" class=\"wpforms-field-medium\" name=\"wpforms[fields][2]\" ><\/textarea><\/div><\/div><!-- .wpforms-field-container --><div class=\"wpforms-submit-container\" ><input type=\"hidden\" name=\"wpforms[id]\" value=\"10\"><input type=\"hidden\" name=\"page_title\" value=\"\"><input type=\"hidden\" name=\"page_url\" value=\"https:\/\/www.danielgorecki.pl\/index.php\/wp-json\/wp\/v2\/pages\/25266\"><button type=\"submit\" name=\"wpforms[submit]\" id=\"wpforms-submit-10\" class=\"wpforms-submit\" data-alt-text=\"Sending...\" data-submit-text=\"Send Message\" aria-live=\"assertive\" value=\"wpforms-submit\">Send Message<\/button><\/div><\/form><\/div>  <!-- .wpforms-container -->\n\n<?php the_field('cena_orla); ?>\n\n\n<div class=\"wp-block-group alignfull has-ast-global-color-5-background-color has-background is-layout-flow wp-block-group-is-layout-flow\"><div class=\"wp-block-group__inner-container\">\n  \n  <div class=\"wp-block-columns is-layout-flex wp-container-core-columns-is-layout-2 wp-block-columns-is-layout-flex\">\n    \n    <div class=\"wp-block-column is-layout-flow wp-block-column-is-layout-flow\">\n      \n      <div class=\"wp-block-columns is-layout-flex wp-container-core-columns-is-layout-1 wp-block-columns-is-layout-flex\">\n        \n        <div class=\"wp-block-column is-layout-flow wp-block-column-is-layout-flow\" style=\"flex-basis:50%\">\n          \n          <div class=\"wp-block-group is-layout-constrained wp-block-group-is-layout-constrained\"><div class=\"wp-block-group__inner-container\">\n            <table class=\"styled-table\">\n              <thead>\n                <tr>\n                  <th>Opis<\/th>\n                  <th>Cena<\/th>\n                <\/tr>\n              <\/thead>\n              <tbody>\n                <tr>\n                  <td>Z\u0142om z\u0142ota pr\u00f3ba 585<\/td>\n                  <td>500z\u0142<\/td>\n                <\/tr>\n                <tr>\n                  <td>Z\u0142om z\u0142ota pr\u00f3ba 999<\/td>\n                  <td>966990z\u0142<\/td>\n                <\/tr>\n                <tr>\n                  <td>Z\u0142om z\u0142ota pr\u00f3ba 590<\/td>\n                  <td>brakz\u0142<\/td>\n                <\/tr>\n              <\/tbody>\n            <\/table>\n          <\/div><\/div>\n          \n        <\/div>\n        \n\n        \n        <div class=\"wp-block-column is-layout-flow wp-block-column-is-layout-flow\" style=\"flex-basis:50%\">\n          \n          <div class=\"wp-block-group is-layout-constrained wp-block-group-is-layout-constrained\"><div class=\"wp-block-group__inner-container\">\n            <table class=\"styled-table\">\n              <thead>\n                <tr>\n                  <th>Opis<\/th>\n                  <th>Cena<\/th>\n                <\/tr>\n              <\/thead>\n              <tbody>\n                <tr>\n                  <td>Z\u0142ota moneta Krugerrand 1 uncja<\/td>\n                  <td>--z\u0142<\/td>\n                <\/tr>\n                <tr>\n                  <td>Z\u0142om z\u0142ota pr\u00f3ba 590<\/td>\n                  <td>966990z\u0142<\/td>\n                <\/tr>\n                <tr>\n                  <td>Z\u0142om z\u0142ota pr\u00f3ba 590<\/td>\n                  <td>brakz\u0142<\/td>\n                <\/tr>\n              <\/tbody>\n            <\/table>\n          <\/div><\/div>\n          \n        <\/div>\n        \n      <\/div>\n      \n    <\/div>\n    \n  <\/div>\n  \n<\/div><\/div>\n\n\n<style>\n.styled-table {\n    border-collapse: collapse;\n    margin: 25px 0;\n    font-size: 18px;\n    font-family: 'Arial', sans-serif;\n    min-width: 400px;\n    box-shadow: 0 0 20px rgba(0, 0, 0, 0.15);\n}\n.styled-table thead tr {\n    background-color: #009879;\n    color: #ffffff;\n    text-align: left;\n}\n.styled-table th,\n.styled-table td {\n    padding: 12px 15px;\n}\n.styled-table tbody tr {\n    border-bottom: 1px solid #dddddd;\n}\n.styled-table tbody tr:nth-of-type(even) {\n    background-color: #f3f3f3;\n}\n.styled-table tbody tr:nth-of-type(odd) {\n    background-color: #e9e9e9;\n}\n.styled-table tbody tr:last-of-type {\n    border-bottom: 2px solid #009879;\n}\n<\/style>\n\n\n\n<div class=\"wp-block-group alignfull has-ast-global-color-5-background-color has-background is-layout-flow wp-block-group-is-layout-flow\"><div class=\"wp-block-group__inner-container\">\n  \n  <div class=\"wp-block-columns is-layout-flex wp-container-core-columns-is-layout-4 wp-block-columns-is-layout-flex\">\n    \n    <div class=\"wp-block-column is-layout-flow wp-block-column-is-layout-flow\">\n      \n      <div class=\"wp-block-columns is-layout-flex wp-container-core-columns-is-layout-3 wp-block-columns-is-layout-flex\">\n        \n        <div class=\"wp-block-column is-layout-flow wp-block-column-is-layout-flow\" style=\"flex-basis:50%\">\n          \n          <div class=\"wp-block-group is-layout-constrained wp-block-group-is-layout-constrained\"><div class=\"wp-block-group__inner-container\">\n            <table class=\"styled-table gold-header\">\n              <thead>\n                <tr>\n                  <th>Opis<\/th>\n                  <th>Cena<\/th>\n                <\/tr>\n              <\/thead>\n              <tbody>\n                <tr>\n                  <td>Z\u0142om z\u0142ota pr\u00f3ba 585<\/td>\n                  <td>966990z\u0142<\/td>\n                <\/tr>\n                <tr>\n                  <td>Z\u0142om z\u0142ota pr\u00f3ba 585<\/td>\n                  <td>966990z\u0142<\/td>\n                <\/tr>\n                <tr>\n                  <td>Z\u0142om z\u0142ota pr\u00f3ba 585<\/td>\n                  <td>966990z\u0142<\/td>\n                <\/tr>\n              <\/tbody>\n            <\/table>\n          <\/div><\/div>\n          \n        <\/div>\n        \n\n        \n        <div class=\"wp-block-column is-layout-flow wp-block-column-is-layout-flow\" style=\"flex-basis:50%\">\n          \n          <div class=\"wp-block-group is-layout-constrained wp-block-group-is-layout-constrained\"><div class=\"wp-block-group__inner-container\">\n            <table class=\"styled-table\">\n              <thead>\n                <tr>\n                  <th>Opis<\/th>\n                  <th>Cena<\/th>\n                <\/tr>\n              <\/thead>\n              <tbody>\n                <tr>\n                  <td>Z\u0142om z\u0142ota pr\u00f3ba 585<\/td>\n                  <td>966990z\u0142<\/td>\n                <\/tr>\n                <tr>\n                  <td>Z\u0142om z\u0142ota pr\u00f3ba 585<\/td>\n                  <td>966990z\u0142<\/td>\n                <\/tr>\n                <tr>\n                  <td>Z\u0142om z\u0142ota pr\u00f3ba 585<\/td>\n                  <td>966990z\u0142<\/td>\n                <\/tr>\n              <\/tbody>\n            <\/table>\n          <\/div><\/div>\n          \n        <\/div>\n        \n      <\/div>\n      \n    <\/div>\n    \n  <\/div>\n  \n<\/div><\/div>\n\n\n<style>\n.styled-table {\n    border-collapse: collapse;\n    margin: 25px 0;\n    font-size: 18px;\n    font-family: 'Arial', sans-serif;\n    min-width: 400px;\n    box-shadow: 0 0 20px rgba(0, 0, 0, 0.15);\n}\n.styled-table thead tr {\n    color: #ffffff;\n    text-align: left;\n}\n.styled-table th,\n.styled-table td {\n    padding: 12px 15px;\n}\n.styled-table tbody tr {\n    border-bottom: 1px solid #dddddd;\n}\n.styled-table tbody tr:nth-of-type(even) {\n    background-color: #f3f3f3;\n}\n.styled-table tbody tr:nth-of-type(odd) {\n    background-color: #e9e9e9;\n}\n.styled-table tbody tr:last-of-type {\n    border-bottom: 2px solid #009879;\n}\n.styled-table.gold-header thead tr {\n    background: radial-gradient(ellipse farthest-corner at right bottom, #FEDB37 0%, #FDB931 8%, #9f7928 30%, #8A6E2F 40%, transparent 80%),\n                radial-gradient(ellipse farthest-corner at left top, #FFFFFF 0%, #FFFFAC 8%, #D1B464 25%, #5d4a1f 62.5%, #5d4a1f 100%);\n    color: #ffffff;\n}\n.styled-table.gold-header thead th {\n    text-shadow: 1px 1px 2px rgba(0, 0, 0, 0.1);\n}\n<\/style>\n\n<div class=\"wp-block-group alignfull has-ast-global-color-5-background-color has-background is-layout-flow wp-block-group-is-layout-flow\"><div class=\"wp-block-group__inner-container\">\n  \n  <div class=\"wp-block-columns is-layout-flex wp-container-core-columns-is-layout-6 wp-block-columns-is-layout-flex\">\n    \n    <div class=\"wp-block-column is-layout-flow wp-block-column-is-layout-flow\">\n      \n      <div class=\"wp-block-columns is-layout-flex wp-container-core-columns-is-layout-5 wp-block-columns-is-layout-flex\">\n        \n        <div class=\"wp-block-column is-layout-flow wp-block-column-is-layout-flow\" style=\"flex-basis:50%\">\n          \n          <div class=\"wp-block-group is-layout-constrained wp-block-group-is-layout-constrained\"><div class=\"wp-block-group__inner-container\">\n            <table class=\"styled-table silver-header\">\n              <thead>\n                <tr>\n                  <th>Opis<\/th>\n                  <th>Cena<\/th>\n                <\/tr>\n              <\/thead>\n              <tbody>\n                <tr>\n                  <td>Z\u0142om z\u0142ota pr\u00f3ba 585<\/td>\n                  <td>966990z\u0142<\/td>\n                <\/tr>\n                <tr>\n                  <td>Z\u0142om z\u0142ota pr\u00f3ba 585<\/td>\n                  <td>966990z\u0142<\/td>\n                <\/tr>\n                <tr>\n                  <td>Z\u0142om z\u0142ota pr\u00f3ba 585<\/td>\n                  <td>966990z\u0142<\/td>\n                <\/tr>\n              <\/tbody>\n            <\/table>\n          <\/div><\/div>\n          \n        <\/div>\n        \n\n        \n        <div class=\"wp-block-column is-layout-flow wp-block-column-is-layout-flow\" style=\"flex-basis:50%\">\n          \n          <div class=\"wp-block-group is-layout-constrained wp-block-group-is-layout-constrained\"><div class=\"wp-block-group__inner-container\">\n            <table class=\"styled-table\">\n              <thead>\n                <tr>\n                  <th>Opis<\/th>\n                  <th>Cena<\/th>\n                <\/tr>\n              <\/thead>\n              <tbody>\n                <tr>\n                  <td>Z\u0142om z\u0142ota pr\u00f3ba 585<\/td>\n                  <td>966990z\u0142<\/td>\n                <\/tr>\n                <tr>\n                  <td>Z\u0142om z\u0142ota pr\u00f3ba 585<\/td>\n                  <td>966990z\u0142<\/td>\n                <\/tr>\n                <tr>\n                  <td>Z\u0142om z\u0142ota pr\u00f3ba 585<\/td>\n                  <td>966990z\u0142<\/td>\n                <\/tr>\n              <\/tbody>\n            <\/table>\n          <\/div><\/div>\n          \n        <\/div>\n        \n      <\/div>\n      \n    <\/div>\n    \n  <\/div>\n  \n<\/div><\/div>\n\n\n<style>\n.styled-table {\n    border-collapse: collapse;\n    margin: 25px 0;\n    font-size: 18px;\n    font-family: 'Arial', sans-serif;\n    min-width: 400px;\n    box-shadow: 0 0 20px rgba(0, 0, 0, 0.15);\n}\n.styled-table thead tr {\n    color: #ffffff;\n    text-align: left;\n}\n.styled-table th,\n.styled-table td {\n    padding: 12px 15px;\n}\n.styled-table tbody tr {\n    border-bottom: 1px solid #dddddd;\n}\n.styled-table tbody tr:nth-of-type(even) {\n    background-color: #f3f3f3;\n}\n.styled-table tbody tr:nth-of-type(odd) {\n    background-color: #e9e9e9;\n}\n.styled-table tbody tr:last-of-type {\n    border-bottom: 2px solid #009879;\n}\n.styled-table.silver-header thead tr {\n    background: radial-gradient(ellipse farthest-corner at right bottom, #C0C0C0 0%, #B0B0B0 8%, #A0A0A0 30%, #909090 40%, transparent 80%),\n                radial-gradient(ellipse farthest-corner at left top, #FFFFFF 0%, #E0E0E0 8%, #C0C0C0 25%, #A0A0A0 62.5%, #909090 100%);\n    color: #ffffff;\n}\n.styled-table.silver-header thead th {\n    text-shadow: 1px 1px 2px rgba(0, 0, 0, 0.1);\n}\n<\/style>\n","protected":false},"excerpt":{"rendered":"","protected":false},"author":1,"featured_media":0,"parent":0,"menu_order":0,"comment_status":"closed","ping_status":"closed","template":"","meta":{"_acf_changed":false,"_uag_custom_page_level_css":"","_monsterinsights_skip_tracking":false,"_monsterinsights_sitenote_active":false,"_monsterinsights_sitenote_note":"","_monsterinsights_sitenote_category":0,"site-sidebar-layout":"no-sidebar","site-content-layout":"plain-container","ast-site-content-layout":"normal-width-container","site-content-style":"unboxed","site-sidebar-style":"unboxed","ast-global-header-display":"","ast-banner-title-visibility":"","ast-main-header-display":"","ast-hfb-above-header-display":"","ast-hfb-below-header-display":"","ast-hfb-mobile-header-display":"","site-post-title":"disabled","ast-breadcrumbs-content":"","ast-featured-img":"disabled","footer-sml-layout":"","theme-transparent-header-meta":"default","adv-header-id-meta":"","stick-header-meta":"","header-above-stick-meta":"","header-main-stick-meta":"","header-below-stick-meta":"","astra-migrate-meta-layouts":"set","ast-page-background-enabled":"default","ast-page-background-meta":{"desktop":{"background-color":"","background-image":"","background-repeat":"repeat","background-position":"center center","background-size":"auto","background-attachment":"scroll","background-type":"","background-media":"","overlay-type":"","overlay-color":"","overlay-gradient":""},"tablet":{"background-color":"","background-image":"","background-repeat":"repeat","background-position":"center center","background-size":"auto","background-attachment":"scroll","background-type":"","background-media":"","overlay-type":"","overlay-color":"","overlay-gradient":""},"mobile":{"background-color":"","background-image":"","background-repeat":"repeat","background-position":"center center","background-size":"auto","background-attachment":"scroll","background-type":"","background-media":"","overlay-type":"","overlay-color":"","overlay-gradient":""}},"ast-content-background-meta":{"desktop":{"background-color":"var(--ast-global-color-5)","background-image":"","background-repeat":"repeat","background-position":"center center","background-size":"auto","background-attachment":"scroll","background-type":"","background-media":"","overlay-type":"","overlay-color":"","overlay-gradient":""},"tablet":{"background-color":"var(--ast-global-color-5)","background-image":"","background-repeat":"repeat","background-position":"center center","background-size":"auto","background-attachment":"scroll","background-type":"","background-media":"","overlay-type":"","overlay-color":"","overlay-gradient":""},"mobile":{"background-color":"var(--ast-global-color-5)","background-image":"","background-repeat":"repeat","background-position":"center center","background-size":"auto","background-attachment":"scroll","background-type":"","background-media":"","overlay-type":"","overlay-color":"","overlay-gradient":""}},"footnotes":""},"acf":[],"uagb_featured_image_src":{"full":false,"thumbnail":false,"medium":false,"medium_large":false,"large":false,"1536x1536":false,"2048x2048":false},"uagb_author_info":{"display_name":"admin","author_link":"https:\/\/www.danielgorecki.pl\/index.php\/author\/admin\/"},"uagb_comment_info":0,"uagb_excerpt":null,"_links":{"self":[{"href":"https:\/\/www.danielgorecki.pl\/index.php\/wp-json\/wp\/v2\/pages\/25266"}],"collection":[{"href":"https:\/\/www.danielgorecki.pl\/index.php\/wp-json\/wp\/v2\/pages"}],"about":[{"href":"https:\/\/www.danielgorecki.pl\/index.php\/wp-json\/wp\/v2\/types\/page"}],"author":[{"embeddable":true,"href":"https:\/\/www.danielgorecki.pl\/index.php\/wp-json\/wp\/v2\/users\/1"}],"replies":[{"embeddable":true,"href":"https:\/\/www.danielgorecki.pl\/index.php\/wp-json\/wp\/v2\/comments?post=25266"}],"version-history":[{"count":30,"href":"https:\/\/www.danielgorecki.pl\/index.php\/wp-json\/wp\/v2\/pages\/25266\/revisions"}],"predecessor-version":[{"id":25717,"href":"https:\/\/www.danielgorecki.pl\/index.php\/wp-json\/wp\/v2\/pages\/25266\/revisions\/25717"}],"wp:attachment":[{"href":"https:\/\/www.danielgorecki.pl\/index.php\/wp-json\/wp\/v2\/media?parent=25266"}],"curies":[{"name":"wp","href":"https:\/\/api.w.org\/{rel}","templated":true}]}}